{"id":2,"date":"2021-04-29T13:27:26","date_gmt":"2021-04-29T13:27:26","guid":{"rendered":"https:\/\/insurgentepress.mx\/?page_id=2"},"modified":"2021-04-29T19:16:26","modified_gmt":"2021-04-30T00:16:26","slug":"pagina-ejemplo","status":"publish","type":"page","link":"https:\/\/insurgentepress.mx\/index.php\/pagina-ejemplo\/","title":{"rendered":"\u00bfQui\u00e9nes Somos?"},"content":{"rendered":"\n<div class=\"wp-block-columns is-layout-flex wp-container-core-columns-is-layout-9d6595d7 wp-block-columns-is-layout-flex\">\n<div class=\"wp-block-column is-layout-flow wp-block-column-is-layout-flow\">\n<p>Somos un grupo de periodistas preocupados por las pr\u00e1cticas anti-democr\u00e1ticas, hechos de violencia y discriminaci\u00f3n que asolan M\u00e9xico y otras regiones del mundo. Producto de esas circunstancias construimos el proyecto \u00ab<strong>InsurgentePress<\/strong>\u00ab, un medio alternativo para dar voz y difusi\u00f3n a la problem\u00e1tica que aqueja todos los sectores de la sociedad civil mexicana y de otras latitudes, siendo un rubro de atenci\u00f3n especial las circunstancias de migrantes&#8212; sin importar la nacionalidad, credo o ideolog\u00eda&#8212;-, durante su tr\u00e1nsito por territorio nacional.<\/p>\n\n\n\n<p>Nuestro objetivo es prestar un servicio de alerta social gratuita a trav\u00e9s de las nuevas herramientas de tecnolog\u00eda&#8212; <a href=\"https:\/\/twitter.com\/InsurgentePress\" target=\"_blank\" rel=\"noreferrer noopener\">@InsurgentePress<\/a> y <a href=\"https:\/\/www.facebook.com\/InsurgentePress\" target=\"_blank\" rel=\"noreferrer noopener\">https:\/\/www.facebook.com\/InsurgentePress<\/a>. que permite denunciar en tiempo real violaciones a los derechos humanos, accidentes, detenciones, secuestros y extorsiones que sufren connacionales y migrantes extranjeros durante su estad\u00eda en M\u00e9xico.<\/p>\n<\/div>\n\n\n\n<div class=\"wp-block-column is-layout-flow wp-block-column-is-layout-flow\">\n<div class=\"wp-block-cover has-background-dim has-background-gradient\" style=\"background:linear-gradient(4deg,rgba(6,147,227,1) 0%,rgb(155,81,224) 100%)\"><div class=\"wp-block-cover__inner-container is-layout-flow wp-block-cover-is-layout-flow\">\n<figure class=\"wp-block-image size-large\"><img loading=\"lazy\" decoding=\"async\" width=\"600\" height=\"600\" src=\"https:\/\/insurgentepress.mx\/wp-content\/uploads\/2021\/04\/Letras-IP_negro.png\" alt=\"\" class=\"wp-image-303\" srcset=\"https:\/\/insurgentepress.mx\/wp-content\/uploads\/2021\/04\/Letras-IP_negro.png 600w, https:\/\/insurgentepress.mx\/wp-content\/uploads\/2021\/04\/Letras-IP_negro-300x300.png 300w, https:\/\/insurgentepress.mx\/wp-content\/uploads\/2021\/04\/Letras-IP_negro-150x150.png 150w, https:\/\/insurgentepress.mx\/wp-content\/uploads\/2021\/04\/Letras-IP_negro-100x100.png 100w\" sizes=\"auto, (max-width: 600px) 100vw, 600px\" \/><\/figure>\n<\/div><\/div>\n<\/div>\n<\/div>\n\n\n\n<p><\/p>\n\n\n\n<p>El Insurgentepress.com.mx; pretende recuperar la palabra escrita como un arma para mantener vigente un derecho inalienable en la construcci\u00f3n de la democracia: la libertad de expresi\u00f3n. Y contribuir al respeto pleno de las garant\u00edas de todos los pueblos.<\/p>\n\n\n\n<p>La falta de garant\u00edas para ejercer el periodismo sigue siendo grave en todo el Pa\u00eds. <strong>Insurgentepress<\/strong> asume la pol\u00edtica de proteger a sus colaboradores presentando notas y reportajes sin sus firmas. <strong>Insurgentepress<\/strong> se hace responsable del contenido editorial.<\/p>\n","protected":false},"excerpt":{"rendered":"<p>Somos un grupo de periodistas preocupados por las pr\u00e1cticas anti-democr\u00e1ticas, hechos de violencia y discriminaci\u00f3n que asolan M\u00e9xico y otras regiones del mundo. Producto de esas circunstancias construimos el proyecto \u00abInsurgentePress\u00ab, un medio alternativo para dar voz y difusi\u00f3n a la problem\u00e1tica que aqueja todos los sectores de la sociedad civil mexicana y de otras [&hellip;]<\/p>\n","protected":false},"author":1,"featured_media":0,"parent":0,"menu_order":0,"comment_status":"closed","ping_status":"open","template":"","meta":{"footnotes":""},"class_list":["post-2","page","type-page","status-publish","hentry"],"aioseo_notices":[],"_links":{"self":[{"href":"https:\/\/insurgentepress.mx\/index.php\/wp-json\/wp\/v2\/pages\/2","targetHints":{"allow":["GET"]}}],"collection":[{"href":"https:\/\/insurgentepress.mx\/index.php\/wp-json\/wp\/v2\/pages"}],"about":[{"href":"https:\/\/insurgentepress.mx\/index.php\/wp-json\/wp\/v2\/types\/page"}],"author":[{"embeddable":true,"href":"https:\/\/insurgentepress.mx\/index.php\/wp-json\/wp\/v2\/users\/1"}],"replies":[{"embeddable":true,"href":"https:\/\/insurgentepress.mx\/index.php\/wp-json\/wp\/v2\/comments?post=2"}],"version-history":[{"count":1,"href":"https:\/\/insurgentepress.mx\/index.php\/wp-json\/wp\/v2\/pages\/2\/revisions"}],"predecessor-version":[{"id":320,"href":"https:\/\/insurgentepress.mx\/index.php\/wp-json\/wp\/v2\/pages\/2\/revisions\/320"}],"wp:attachment":[{"href":"https:\/\/insurgentepress.mx\/index.php\/wp-json\/wp\/v2\/media?parent=2"}],"curies":[{"name":"wp","href":"https:\/\/api.w.org\/{rel}","templated":true}]}}