{"id":3,"date":"2021-04-29T13:27:26","date_gmt":"2021-04-29T13:27:26","guid":{"rendered":"https:\/\/insurgentepress.mx\/?page_id=3"},"modified":"2021-04-29T17:20:38","modified_gmt":"2021-04-29T17:20:38","slug":"politica-privacidad","status":"publish","type":"page","link":"https:\/\/insurgentepress.mx\/index.php\/politica-privacidad\/","title":{"rendered":"Pol\u00edtica de privacidad"},"content":{"rendered":"\n<h2 class=\"wp-block-heading\">Qui\u00e9nes somos<\/h2>\n\n\n\n<p>Esta pol\u00edtica se basa en nuestro objetivo fundamental de ofrecer a nuestros visitantes informaci\u00f3n y recursos de calidad y al mismo tiempo mantener el anonimato individual y la privacidad personal. La siguiente declaraci\u00f3n describe la pol\u00edtica de privacidad de InsurgentePress. Tiene validez para todos los \u201csitios web de la InsurgentePress\u201d, es decir a todos los sitios que llevan el nombre del dominio \u201cinsurgentepress.mx\u201d.<\/p>\n\n\n\n<h2 class=\"wp-block-heading\">Comentarios<\/h2>\n\n\n\n<p>Cuando los visitantes dejan comentarios en la web, recopilamos los datos que se muestran en el formulario de comentarios, as\u00ed como la direcci\u00f3n IP del visitante y la cadena de agentes de usuario del navegador para ayudar a la detecci\u00f3n de spam.<\/p>\n\n\n\n<p>Una cadena an\u00f3nima creada a partir de tu direcci\u00f3n de correo electr\u00f3nico (tambi\u00e9n llamada hash) puede ser proporcionada al servicio de Gravatar para ver si la est\u00e1s usando. La pol\u00edtica de privacidad del servicio Gravatar est\u00e1 disponible aqu\u00ed: https:\/\/automattic.com\/privacy\/. Despu\u00e9s de la aprobaci\u00f3n de tu comentario, la imagen de tu perfil es visible para el p\u00fablico en el contexto de tu comentario.<\/p>\n\n\n\n<h2 class=\"wp-block-heading\">Medios<\/h2>\n\n\n\n<p>Si subes im\u00e1genes a la web, deber\u00edas evitar subir im\u00e1genes con datos de ubicaci\u00f3n (GPS EXIF) incluidos. Los visitantes de la web pueden descargar y extraer cualquier dato de ubicaci\u00f3n de las im\u00e1genes de la web.<\/p>\n\n\n\n<p>Cuando usted accede a nuestras p\u00e1ginas web, la informaci\u00f3n sobre el usuario y la informaci\u00f3n t\u00e9cnica esencial y accidental es recopilada de manera autom\u00e1tica, nos referimos a esas categor\u00edas recogidas de manera colectiva como&nbsp; informaci\u00f3n de \u201cacceso\u201d. Ninguna otra informaci\u00f3n es recogida a trav\u00e9s del sitio de la OIT, excepto cuando usted deliberadamente decide revelarla (por ejemplo, pulsando una tecla para enviarnos un mensaje de correo electr\u00f3nico). La informaci\u00f3n que usted puede decidir enviarnos est\u00e1 enumerada m\u00e1s adelante como \u201cinformaci\u00f3n opcional\u201d.<\/p>\n\n\n\n<p><strong>Informaci\u00f3n recopilada autom\u00e1ticamente<\/strong><br>\u2022&nbsp;Informaci\u00f3n del visitante: el dominio de Internet y la direcci\u00f3n en Internet del computador que usted est\u00e1 utilizando.<\/p>\n\n\n\n<p>\u2022&nbsp;Informaci\u00f3n t\u00e9cnica esencial: identificaci\u00f3n de la p\u00e1gina o servicio que usted est\u00e1 solicitando, tipo de navegador y sistema operativo que utiliza; y la fecha y hora del acceso.<\/p>\n\n\n\n<p>\u2022&nbsp;Informaci\u00f3n t\u00e9cnica no esencial: la direcci\u00f3n Internet del sitio web que le remiti\u00f3 a nosotros, y&nbsp; la \u201cinformaci\u00f3n cookie\u201d descrita m\u00e1s adelante.<\/p>\n\n\n\n<p><strong>Informaci\u00f3n opcional<\/strong><br>\u2022&nbsp;Cuando usted nos env\u00eda un correo electr\u00f3nico: su nombre, direcci\u00f3n de correo electr\u00f3nico y el contenido del mensaje.<\/p>\n\n\n\n<p>\u2022&nbsp;Cuando usted llena formularios electr\u00f3nicos: todos los datos que usted elige dar o confirmar.<\/p>\n\n\n\n<h2 class=\"wp-block-heading\">Cookies<\/h2>\n\n\n\n<p>Si dejas un comentario en nuestro sitio puedes elegir guardar tu nombre, direcci\u00f3n de correo electr\u00f3nico y web en cookies. Esto es para tu comodidad, para que no tengas que volver a rellenar tus datos cuando dejes otro comentario. Estas cookies tendr\u00e1n una duraci\u00f3n de un a\u00f1o.<\/p>\n\n\n\n<p>Si tienes una cuenta y te conectas a este sitio, instalaremos una cookie temporal para determinar si tu navegador acepta cookies. Esta cookie no contiene datos personales y se elimina al cerrar el navegador.<\/p>\n\n\n\n<p>Cuando accedas, tambi\u00e9n instalaremos varias cookies para guardar tu informaci\u00f3n de acceso y tus opciones de visualizaci\u00f3n de pantalla. Las cookies de acceso duran dos d\u00edas, y las cookies de opciones de pantalla duran un a\u00f1o. Si seleccionas \u00abRecu\u00e9rdarme\u00bb, tu acceso perdurar\u00e1 durante dos semanas. Si sales de tu cuenta, las cookies de acceso se eliminar\u00e1n.<\/p>\n\n\n\n<p>Si editas o publicas un art\u00edculo se guardar\u00e1 una cookie adicional en tu navegador. Esta cookie no incluye datos personales y simplemente indica el ID del art\u00edculo que acabas de editar. Caduca despu\u00e9s de 1 d\u00eda.<\/p>\n\n\n\n<h2 class=\"wp-block-heading\">Contenido incrustado de otros sitios web<\/h2>\n\n\n\n<p>Los art\u00edculos de este sitio pueden incluir contenido incrustado (por ejemplo, v\u00eddeos, im\u00e1genes, art\u00edculos, etc.). El contenido incrustado de otras webs se comporta exactamente de la misma manera que si el visitante hubiera visitado la otra web.<\/p>\n\n\n\n<p>Estas web pueden recopilar datos sobre ti, utilizar cookies, incrustar un seguimiento adicional de terceros, y supervisar tu interacci\u00f3n con ese contenido incrustado, incluido el seguimiento de tu interacci\u00f3n con el contenido incrustado si tienes una cuenta y est\u00e1s conectado a esa web.<\/p>\n\n\n\n<p>No existe ninguna obligaci\u00f3n legal para que usted suministre informaci\u00f3n a nuestro sitio web. Sin embargo, nuestro sitio web no funcionar\u00e1 sin la informaci\u00f3n de encaminamiento y la informaci\u00f3n t\u00e9cnica esencial. Si su navegador no nos env\u00eda la informaci\u00f3n t\u00e9cnica no esencial esto no le impedir\u00e1 utilizar nuestro sitio web, pero puede impedir el funcionamiento de algunas opciones. En lo que se refiere a cualquier informaci\u00f3n adicional que es solicitada al sitio web, si su b\u00fasqueda no obtiene resultados significa que esa funci\u00f3n particular o servicio asociado con esa parte de la p\u00e1gina web puede no est\u00e1 disponible para usted.<\/p>\n\n\n\n<h2 class=\"wp-block-heading\">Con qui\u00e9n compartimos tus datos<\/h2>\n\n\n\n<p>Si solicitas un restablecimiento de contrase\u00f1a, tu direcci\u00f3n IP ser\u00e1 incluida en el correo electr\u00f3nico de restablecimiento.<\/p>\n\n\n\n<p>La informaci\u00f3n del visitador es utilizada para enviar la p\u00e1gina web a su computador para su visualizaci\u00f3n. En teor\u00eda la p\u00e1gina web solicitada y la informaci\u00f3n del encaminamiento podr\u00eda ser descifrada por otras entidades involucradas en la transmisi\u00f3n de la p\u00e1gina. No controlamos las pr\u00e1cticas de privacidad de esas entidades. La informaci\u00f3n t\u00e9cnica esencial y no esencial nos ayuda a responder a su solicitud en un formato apropiado (o de manera personalizada) y nos ayuda a planificar mejoras a nuestro sitio web. La informaci\u00f3n adicional nos permite ofrecer servicios o informaci\u00f3n m\u00e1s ajustada a sus necesidades o para responder a su mensaje o consultar a otra organizaci\u00f3n m\u00e1s competente, y tambi\u00e9n para planificar mejoras de nuestro sitio web.<\/p>\n\n\n\n<p>Es posible que conservemos la informaci\u00f3n de acceso en nuestros sistemas por un tiempo indefinido despu\u00e9s que la p\u00e1gina es transmitida, pero no intentaremos obtener ninguna informaci\u00f3n para vincularla a las personas que navegan en nuestro sitio. Sin embargo, en las pocas ocasiones en que un \u201chacker\u201d intenta violar la seguridad, los registros de informaci\u00f3n de acceso se mantienen para permitir una investigaci\u00f3n de seguridad, y en estos casos puede ser enviada junto a cualquier otra informaci\u00f3n pertinente en nuestro poder a las autoridades judiciales.<\/p>\n\n\n\n<p>Utilizamos la informaci\u00f3n que nos suministra s\u00f3lo para satisfacer su espec\u00edfica solicitud. No compartimos esta informaci\u00f3n con terceros, salvo en la medida en que sea necesario para completar tal solicitud. De igual manera, utilizamos la informaci\u00f3n que nos suministra sobre otra persona al hacer una solicitud s\u00f3lo para completar esa solicitud. De nuevo, no compartimos esta informaci\u00f3n con terceros excepto en la medida en que sea necesario para completar tal solicitud.<\/p>\n\n\n\n<p>Por lo general utilizamos las direcciones de correo electr\u00f3nico s\u00f3lo para responder a los mensajes que recibimos. Estas direcciones en general no son utilizadas para ning\u00fan otro prop\u00f3sito.<\/p>\n\n\n\n<p>En fin, no utilizamos o compartimos nunca la informaci\u00f3n de identificaci\u00f3n personal que nos es suministrada en l\u00ednea en otras formas que las descritas antes sin una clara notificaci\u00f3n sobre el sitio en particular y sin ofrecerle la oportunidad de excluir o prohibir este tipo de uso.<\/p>\n\n\n\n<h2 class=\"wp-block-heading\">Cu\u00e1nto tiempo conservamos tus datos<\/h2>\n\n\n\n<p>Si dejas un comentario, el comentario y sus metadatos se conservan indefinidamente. Esto es para que podamos reconocer y aprobar comentarios sucesivos autom\u00e1ticamente, en lugar de mantenerlos en una cola de moderaci\u00f3n.<\/p>\n\n\n\n<p>De los usuarios que se registran en nuestra web (si los hay), tambi\u00e9n almacenamos la informaci\u00f3n personal que proporcionan en su perfil de usuario. Todos los usuarios pueden ver, editar o eliminar su informaci\u00f3n personal en cualquier momento (excepto que no pueden cambiar su nombre de usuario). Los administradores de la web tambi\u00e9n pueden ver y editar esa informaci\u00f3n.<\/p>\n\n\n\n<h2 class=\"wp-block-heading\">Qu\u00e9 derechos tienes sobre tus datos<\/h2>\n\n\n\n<p>Si tienes una cuenta o has dejado comentarios en esta web, puedes solicitar recibir un archivo de exportaci\u00f3n de los datos personales que tenemos sobre ti, incluyendo cualquier dato que nos hayas proporcionado. Tambi\u00e9n puedes solicitar que eliminemos cualquier dato personal que tengamos sobre ti. Esto no incluye ning\u00fan dato que estemos obligados a conservar con fines administrativos, legales o de seguridad.<\/p>\n\n\n\n<h2 class=\"wp-block-heading\">D\u00f3nde enviamos tus datos<\/h2>\n\n\n\n<p>Los comentarios de los visitantes puede que los revise un servicio de detecci\u00f3n autom\u00e1tica de spam.<\/p>\n\n\n\n<h2 class=\"wp-block-heading\">Nuestro compromiso para la protecci\u00f3n de los datos<\/h2>\n\n\n\n<p>No vendemos ninguna informaci\u00f3n de identificaci\u00f3n personal ofrecida voluntariamente en el sitio de la OIT a terceras partes. Para prevenir el acceso no autorizado, mantener la exactitud de los datos, y garantizar el uso correcto de a informaci\u00f3n, hemos instaurado procedimientos f\u00edsicos, electr\u00f3nicos y administrativos para salvaguardar y proteger la informaci\u00f3n que recogemos en l\u00ednea.<\/p>\n\n\n\n<p>Todos los empleados de InsurgentePress que tienen acceso al tratamiento o intervienen en el procesamiento de datos personales, est\u00e1n obligados a respetar la confidencialidad de los asuntos oficiales, incluyendo los datos personales.<\/p>\n\n\n\n<p>Si tiene otras preguntas o preocupaciones sobre nuestras pol\u00edticas y pr\u00e1cticas de privacidad, por favor env\u00ede un correo electr\u00f3nico a <a href=\"mailto:datos@insurgentepress.mx\" title=\"mailto:datos@insurgentepress.mx\" target=\"_blank\" rel=\"noreferrer noopener\">datos@insurgentepress.mx<\/a>.<\/p>\n","protected":false},"excerpt":{"rendered":"<p>Qui\u00e9nes somos Esta pol\u00edtica se basa en nuestro objetivo fundamental de ofrecer a nuestros visitantes informaci\u00f3n y recursos de calidad y al mismo tiempo mantener el anonimato individual y la privacidad personal. La siguiente declaraci\u00f3n describe la pol\u00edtica de privacidad de InsurgentePress. Tiene validez para todos los \u201csitios web de la InsurgentePress\u201d, es decir a [&hellip;]<\/p>\n","protected":false},"author":1,"featured_media":0,"parent":0,"menu_order":0,"comment_status":"closed","ping_status":"open","template":"","meta":{"footnotes":""},"class_list":["post-3","page","type-page","status-publish","hentry"],"aioseo_notices":[],"_links":{"self":[{"href":"https:\/\/insurgentepress.mx\/index.php\/wp-json\/wp\/v2\/pages\/3","targetHints":{"allow":["GET"]}}],"collection":[{"href":"https:\/\/insurgentepress.mx\/index.php\/wp-json\/wp\/v2\/pages"}],"about":[{"href":"https:\/\/insurgentepress.mx\/index.php\/wp-json\/wp\/v2\/types\/page"}],"author":[{"embeddable":true,"href":"https:\/\/insurgentepress.mx\/index.php\/wp-json\/wp\/v2\/users\/1"}],"replies":[{"embeddable":true,"href":"https:\/\/insurgentepress.mx\/index.php\/wp-json\/wp\/v2\/comments?post=3"}],"version-history":[{"count":1,"href":"https:\/\/insurgentepress.mx\/index.php\/wp-json\/wp\/v2\/pages\/3\/revisions"}],"predecessor-version":[{"id":168,"href":"https:\/\/insurgentepress.mx\/index.php\/wp-json\/wp\/v2\/pages\/3\/revisions\/168"}],"wp:attachment":[{"href":"https:\/\/insurgentepress.mx\/index.php\/wp-json\/wp\/v2\/media?parent=3"}],"curies":[{"name":"wp","href":"https:\/\/api.w.org\/{rel}","templated":true}]}}